{"id":2447,"date":"2023-04-29T20:23:41","date_gmt":"2023-04-29T20:23:41","guid":{"rendered":"https:\/\/theuaeyellowboats.aligneddev.com.au\/politica-de-privacidad\/"},"modified":"2023-09-25T02:00:06","modified_gmt":"2023-09-25T02:00:06","slug":"privacy-policy","status":"publish","type":"page","link":"https:\/\/theyellowboats.com\/es\/privacy-policy\/","title":{"rendered":"Pol\u00edtica de privacidad"},"content":{"rendered":"<h3>\u00bfQu\u00e9 informaci\u00f3n recogemos?<\/h3>\n<p>Recogemos informaci\u00f3n suya cuando se registra en nuestro sitio, realiza un pedido, se suscribe a nuestro bolet\u00edn o responde a una encuesta.<\/p>\n<p>Al realizar un pedido o registrarse en nuestro sitio, seg\u00fan proceda, es posible que se le pida que introduzca su nombre, direcci\u00f3n de correo electr\u00f3nico, direcci\u00f3n postal, n\u00famero de tel\u00e9fono o datos de su tarjeta de cr\u00e9dito. No obstante, puede visitar nuestro sitio de forma an\u00f3nima.<\/p>\n<h3>\u00bfPara qu\u00e9 utilizamos sus datos?<\/h3>\n<p>Google, como proveedor de terceros, utiliza cookies para publicar anuncios en su sitio. El uso que Google hace de la cookie de DART le permite ofrecer anuncios a sus usuarios basados en su visita a sus sitios y a otros sitios de Internet. Los usuarios pueden inhabilitar el uso de la cookie de DART visitando la pol\u00edtica de privacidad de la red de anuncios y contenidos de Google.<\/p>\n<h3>Para procesar transacciones<\/h3>\n<p>Toda la informaci\u00f3n que recopilemos sobre usted podr\u00e1 utilizarse de una de las siguientes maneras:<\/p>\n<p>Para personalizar su experiencia (su informaci\u00f3n nos ayuda a responder mejor a sus necesidades individuales)<br \/>Para mejorar nuestro sitio web (nos esforzamos continuamente por mejorar la oferta de nuestro sitio web bas\u00e1ndonos en la informaci\u00f3n y los comentarios que recibimos de usted).<br \/>Para mejorar el servicio al cliente (su informaci\u00f3n nos ayuda a responder m\u00e1s eficazmente a sus solicitudes de servicio al cliente y necesidades de apoyo)<\/p>\n<h3>Para enviar correos electr\u00f3nicos peri\u00f3dicos<\/h3>\n<p>Su informaci\u00f3n, ya sea p\u00fablica o privada, no se vender\u00e1, intercambiar\u00e1, transferir\u00e1 ni dar\u00e1 a ninguna otra empresa por ning\u00fan motivo, sin su consentimiento, salvo con el fin expreso de entregar el producto adquirido o el servicio solicitado.<\/p>\n<h3>\u00bfC\u00f3mo protegemos su informaci\u00f3n?<\/h3>\n<p>La direcci\u00f3n de correo electr\u00f3nico que nos facilite para tramitar su pedido s\u00f3lo se utilizar\u00e1 para enviarle informaci\u00f3n y actualizaciones relativas a su pedido.<\/p>\n<p>Los datos de las tarjetas de cr\u00e9dito\/d\u00e9bito NO se almacenar\u00e1n, vender\u00e1n, compartir\u00e1n, alquilar\u00e1n ni arrendar\u00e1n a terceros. Aplicamos diversas medidas de seguridad para mantener la seguridad de su informaci\u00f3n personal cuando realiza un pedido o introduce, env\u00eda o accede a su informaci\u00f3n personal. Ofrecemos el uso de un servidor seguro. Toda la informaci\u00f3n sensible\/de cr\u00e9dito suministrada se transmite a trav\u00e9s de la tecnolog\u00eda Secure Socket Layer (SSL) y, a continuaci\u00f3n, se cifra en la base de datos de nuestros proveedores de pasarelas de pago, a la que s\u00f3lo pueden acceder las personas autorizadas con derechos de acceso especiales a dichos sistemas, y que est\u00e1n obligadas a mantener la confidencialidad de la informaci\u00f3n.<\/p>\n<p>Despu\u00e9s de una transacci\u00f3n, su informaci\u00f3n privada (tarjetas de cr\u00e9dito, n\u00fameros de la seguridad social, datos financieros, etc.) no se almacenar\u00e1 en nuestros servidores.<\/p>\n","protected":false},"excerpt":{"rendered":"<p>\u00bfQu\u00e9 informaci\u00f3n recogemos? Recogemos informaci\u00f3n suya cuando se registra en nuestro sitio, realiza un pedido, se suscribe a nuestro bolet\u00edn o responde a una encuesta. Al realizar un pedido o registrarse en nuestro sitio, seg\u00fan proceda, es posible que se le pida que introduzca su nombre, direcci\u00f3n de correo electr\u00f3nico, direcci\u00f3n postal, n\u00famero de tel\u00e9fono &hellip; <a href=\"https:\/\/theyellowboats.com\/es\/privacy-policy\/\" class=\"more-link\">Continue reading<span class=\"screen-reader-text\"> \u00abPol\u00edtica de privacidad\u00bb<\/span><\/a><\/p>\n","protected":false},"author":1,"featured_media":0,"parent":0,"menu_order":0,"comment_status":"closed","ping_status":"open","template":"","meta":{"footnotes":""},"class_list":["post-2447","page","type-page","status-publish","hentry"],"acf":[],"_links":{"self":[{"href":"https:\/\/theyellowboats.com\/es\/wp-json\/wp\/v2\/pages\/2447","targetHints":{"allow":["GET"]}}],"collection":[{"href":"https:\/\/theyellowboats.com\/es\/wp-json\/wp\/v2\/pages"}],"about":[{"href":"https:\/\/theyellowboats.com\/es\/wp-json\/wp\/v2\/types\/page"}],"author":[{"embeddable":true,"href":"https:\/\/theyellowboats.com\/es\/wp-json\/wp\/v2\/users\/1"}],"replies":[{"embeddable":true,"href":"https:\/\/theyellowboats.com\/es\/wp-json\/wp\/v2\/comments?post=2447"}],"version-history":[{"count":1,"href":"https:\/\/theyellowboats.com\/es\/wp-json\/wp\/v2\/pages\/2447\/revisions"}],"predecessor-version":[{"id":2680,"href":"https:\/\/theyellowboats.com\/es\/wp-json\/wp\/v2\/pages\/2447\/revisions\/2680"}],"wp:attachment":[{"href":"https:\/\/theyellowboats.com\/es\/wp-json\/wp\/v2\/media?parent=2447"}],"curies":[{"name":"wp","href":"https:\/\/api.w.org\/{rel}","templated":true}]}}