{"id":2514,"date":"2023-05-06T19:03:09","date_gmt":"2023-05-06T19:03:09","guid":{"rendered":"https:\/\/theuaeyellowboats.aligneddev.com.au\/empresa\/"},"modified":"2023-10-24T00:22:44","modified_gmt":"2023-10-24T00:22:44","slug":"corporate","status":"publish","type":"page","link":"https:\/\/theyellowboats.com\/es\/corporate\/","title":{"rendered":"Empresa"},"content":{"rendered":"<p>The Yellow Boats es la experiencia tur\u00edstica l\u00edder y galardonada de Oriente Medio. Nos enorgullecemos de ofrecer un servicio seguro y coherente de visitas guiadas por las maravillas de Abu Dhabi y Dubai.<\/p>\n<p>Viajar\u00e1 en la comodidad y seguridad de una embarcaci\u00f3n neum\u00e1tica r\u00edgida y admirar\u00e1 los incre\u00edbles paisajes que ofrecen los Emiratos \u00c1rabes Unidos. Tanto si siente aut\u00e9ntico amor por las actividades acu\u00e1ticas de la regi\u00f3n, como si necesita velocidad o simplemente celebrar una ocasi\u00f3n especial, The Yellow Boats le atender\u00e1 con estilo.<\/p>\n<h4>ASOCIACIONES EMPRESARIALES:<\/h4>\n<p>Si es usted un operador tur\u00edstico o una atracci\u00f3n; una agencia de viajes o un hotel; un restaurante o un establecimiento minorista; y est\u00e1 interesado en asociarse con The Yellow Boats para ofrecer paquetes corporativos, nos gustar\u00eda saber de usted. P\u00f3ngase en contacto con nosotros para sus propuestas y consultas sobre paquetes corporativos en <a href=\"mailto:marketing@theyellowboats.com\">marketing@theyellowboats.com<\/a><\/p>\n<h4>PARA RESERVAS DE EMPRESAS:<\/h4>\n<h5>\u00bfPara qui\u00e9n son adecuadas las reservas de empresa?<\/h5>\n<p>Dise\u00f1e su propio viaje de empresa para un m\u00e1ximo de 100 invitados. Nuestros recorridos son adecuados para grupos de empresas que buscan una aventura informativa y divertida para fomentar el esp\u00edritu de equipo. Nuestras excursiones pueden aportar una nueva perspectiva a su d\u00eda con algunas de las experiencias tur\u00edsticas m\u00e1s interesantes y emocionantes sobre el agua.<\/p>\n<h5>Personalice su experiencia tur\u00edstica<\/h5>\n<p>Con las reservas corporativas de The Yellow Boats, usted elige el destino, los destinos preferidos y las fechas de su viaje. S\u00f3lo tiene que indicarnos sus preferencias y personalizaremos el viaje para satisfacer las necesidades de su grupo.<\/p>\n<p>Emprender\u00e1 su viaje \u00fanico con la tranquilidad de saber que todos los aspectos del viaje est\u00e1n cuidados y en manos expertas.<\/p>\n<h5>\u00bfHay un n\u00famero m\u00ednimo\/m\u00e1ximo de personas para una reserva de empresa?<\/h5>\n<p>Cada uno de nuestros barcos puede llevar a 10, 11 o 14 invitados, pero si usted tiene un grupo m\u00e1s grande, simplemente reservaremos m\u00e1s de nuestros barcos, para que usted y su grupo puedan disfrutar de una flota de Yellow Boats en el agua.<\/p>\n<p>Si enviamos todas nuestras embarcaciones, podemos transportar a 100 invitados de una sola vez, pero si su grupo es m\u00e1s numeroso, podemos simplemente reservar nuestras embarcaciones durante varios d\u00edas.<\/p>\n<h5>C\u00f3mo hacer una reserva de empresa<\/h5>\n<p>Para hacer una reserva de grupo, puede ponerse en contacto con nuestro equipo de reservas a trav\u00e9s del correo electr\u00f3nico <a href=\"mailto:book@theyellowboats.com\">book@theyellowboats.com <\/a>o llam\u00e1ndonos al 800 TYB (892) o al tel\u00e9fono internacional +971 4 432 8543.<\/p>\n<h4>Visitas y precios<\/h4>\n<h5>Visitas a Dubai<\/h5>\n<p><strong><br \/>\n  <em>99 min Tour Original<br \/>\n<\/em><br \/>\n<\/strong>Ch\u00e1rter privado (hasta 11 personas): 2.365 AED por barco<br \/>\nCharter privado (hasta 14 invitados): 2995 AED por barco<em> <\/em><br \/>\nCharter privado (hasta 18 invitados): 3.850 AED por barco<\/p>\n<p><strong><br \/>\n  <em>75 min Atlantis Tour<br \/>\n<\/em><br \/>\n<\/strong>Charter privado (hasta 11 invitados): 1.945 AED por barco<br \/>\nCharter privado (hasta 14 invitados): 2.470 AED por barco<br \/>\nCharter privado (hasta 18 invitados): 3.200 AED por barco<\/p>\n<p><strong><br \/>\n  <em>60 min Crucero por la Marina<\/em><\/p>\n<p><\/strong>Charter privado (hasta 11 invitados): 1.575 AED por barco<br \/>\nCharter privado (hasta 14 invitados): 1.995 AED por barco<br \/>\nCharter privado (hasta 18 invitados): 2.600 AED por barco<\/p>\n<h5>Abu Dhabi Tours<\/h5>\n<p><strong><br \/>\n  <em>75 minutos Yas Island Tour<br \/>\n<\/em><br \/>\n<\/strong>Charter privado (hasta 11 invitados): AED 1995 por barco<\/p>\n<p><strong><br \/>\n  <em>60 minutos Corniche Tour<br \/>\n<\/em><br \/>\n<\/strong><em>Charter privado (hasta 11 invitados): 1.945 AED por barco<\/em><\/p>\n<p><strong><br \/>\n  <em>60 minutos Maya Island Tour<br \/>\n<\/em><br \/>\n<\/strong><em>Charter privado (hasta 11 personas): 1.945 AED por barco<\/em><\/p>\n","protected":false},"excerpt":{"rendered":"<p>The Yellow Boats es la experiencia tur\u00edstica l\u00edder y galardonada de Oriente Medio. Nos enorgullecemos de ofrecer un servicio seguro y coherente de visitas guiadas por las maravillas de Abu Dhabi y Dubai. Viajar\u00e1 en la comodidad y seguridad de una embarcaci\u00f3n neum\u00e1tica r\u00edgida y admirar\u00e1 los incre\u00edbles paisajes que ofrecen los Emiratos \u00c1rabes Unidos. &hellip; <a href=\"https:\/\/theyellowboats.com\/es\/corporate\/\" class=\"more-link\">Continue reading<span class=\"screen-reader-text\"> \u00abEmpresa\u00bb<\/span><\/a><\/p>\n","protected":false},"author":1,"featured_media":0,"parent":0,"menu_order":0,"comment_status":"closed","ping_status":"closed","template":"template-pages\/template-corporate.php","meta":{"footnotes":""},"class_list":["post-2514","page","type-page","status-publish","hentry"],"acf":[],"_links":{"self":[{"href":"https:\/\/theyellowboats.com\/es\/wp-json\/wp\/v2\/pages\/2514","targetHints":{"allow":["GET"]}}],"collection":[{"href":"https:\/\/theyellowboats.com\/es\/wp-json\/wp\/v2\/pages"}],"about":[{"href":"https:\/\/theyellowboats.com\/es\/wp-json\/wp\/v2\/types\/page"}],"author":[{"embeddable":true,"href":"https:\/\/theyellowboats.com\/es\/wp-json\/wp\/v2\/users\/1"}],"replies":[{"embeddable":true,"href":"https:\/\/theyellowboats.com\/es\/wp-json\/wp\/v2\/comments?post=2514"}],"version-history":[{"count":1,"href":"https:\/\/theyellowboats.com\/es\/wp-json\/wp\/v2\/pages\/2514\/revisions"}],"predecessor-version":[{"id":2534,"href":"https:\/\/theyellowboats.com\/es\/wp-json\/wp\/v2\/pages\/2514\/revisions\/2534"}],"wp:attachment":[{"href":"https:\/\/theyellowboats.com\/es\/wp-json\/wp\/v2\/media?parent=2514"}],"curies":[{"name":"wp","href":"https:\/\/api.w.org\/{rel}","templated":true}]}}