{"id":2545,"date":"2023-05-06T19:08:16","date_gmt":"2023-05-06T19:08:16","guid":{"rendered":"https:\/\/theuaeyellowboats.aligneddev.com.au\/terminos-y-condiciones\/"},"modified":"2023-09-25T02:07:53","modified_gmt":"2023-09-25T02:07:53","slug":"terms-conditions","status":"publish","type":"page","link":"https:\/\/theyellowboats.com\/es\/terms-conditions\/","title":{"rendered":"T\u00e9rminos y condiciones"},"content":{"rendered":"<div class=\"entry-content\">\n<p>Al hacer una reserva con The Yellow Boats LLC (\u00abTYB\u00bb) usted reconoce que ha le\u00eddo, entendido y acepta que quedar\u00e1 vinculado por estos t\u00e9rminos y condiciones durante su tiempo con nosotros.<\/p>\n<p>Estas condiciones se rigen y se interpretar\u00e1n de acuerdo con la legislaci\u00f3n de los Emiratos \u00c1rabes Unidos, y cualquier reclamaci\u00f3n presentada en virtud de estas condiciones estar\u00e1 sujeta a la jurisdicci\u00f3n exclusiva de los Emiratos \u00c1rabes Unidos. TYB no ser\u00e1 responsable ante ning\u00fan pasajero mientras se encuentre en cualquier lugar de operaciones o en las zonas circundantes. Las visitas tur\u00edsticas son operadas por TYB.<\/p>\n<p>TYB no ser\u00e1 responsable ante cualquier pasajero en TYB, por cualquier p\u00e9rdida o da\u00f1o que surja de o en conexi\u00f3n con o como consecuencia de la operaci\u00f3n de TYB incluyendo, pero no limitado a, la p\u00e9rdida de beneficios, da\u00f1os o p\u00e9rdida de bienes o art\u00edculos pertenecientes al pasajero y cualquier lesi\u00f3n personal al pasajero. Los billetes pueden adquirirse individualmente o puede contratarse una embarcaci\u00f3n en exclusiva (lo que se denomina \u00abch\u00e1rter privado\u00bb).<\/p>\n<p>El n\u00famero m\u00e1ximo de personas permitido por embarcaci\u00f3n es de dieciocho o 18 (18 pasajeros y 2 tripulantes). Salvo que se haya fletado un barco, los grupos de 18 personas no viajar\u00e1n siempre en el mismo barco, a menos que se haya acordado previamente con TYB. Todo<br \/>\nlas personas que naveguen en el buque deber\u00e1n pagar la entrada antes de subir a bordo. Los billetes deben conservarse en todo momento y presentarse para su inspecci\u00f3n si as\u00ed lo requiere cualquier empleado o agente de TYB. Toda persona que intente acceder al buque sin un billete v\u00e1lido podr\u00e1 ser expulsada del buque y de sus inmediaciones.<\/p>\n<p>&nbsp;<\/p>\n<p><strong>Reservas<\/strong><\/p>\n<ul>\n<li>La cancelaci\u00f3n dentro de las 24 horas anteriores a la hora de salida conllevar\u00e1 el pago \u00edntegro. Antes de este periodo, se cobrar\u00e1 una tasa de cancelaci\u00f3n del 10% por las reservas online. Si no se presenta o llega tarde, deber\u00e1 abonar la totalidad del importe.<\/li>\n<li>Todas las reservas son intransferibles, excepto a total discreci\u00f3n de TYB. S\u00f3lo en circunstancias atenuantes se considerar\u00e1 la transferencia de reservas y siempre que se notifique la solicitud por correo electr\u00f3nico con un m\u00ednimo de 24 horas de antelaci\u00f3n. Tenga en cuenta que se puede aplicar una tasa administrativa de hasta el 50%. Tambi\u00e9n se aplica una pol\u00edtica de cancelaci\u00f3n del 100% dentro de las 24 horas anteriores a la hora de salida.<\/li>\n<li>TYB se reserva el derecho de cambiar la hora o el d\u00eda de su reserva debido a necesidades operativas o debido a otros compromisos de la empresa. A veces, la participaci\u00f3n de los \u00f3rganos de gobierno puede hacer necesario introducir cambios.<\/li>\n<li>Pondremos todos los medios razonables para garantizar el funcionamiento de TYB. Sin embargo, nos reservamos el derecho, a nuestra absoluta discreci\u00f3n, ya sea por razones de seguridad o de otro tipo, y con o sin previo aviso, de cancelar cualquier crucero. En caso de cancelaci\u00f3n, TYB reembolsar\u00e1 \u00edntegramente al visitante cuyo viaje haya sido cancelado el coste de su billete prepagado, pero no tendr\u00e1 responsabilidad alguna, incluidos los gastos de viaje o cualquier otro gasto de su bolsillo, con respecto a la cancelaci\u00f3n.<\/li>\n<li>En el improbable caso de que el buque tenga que hacer un retorno de emergencia a la ubicaci\u00f3n de operaci\u00f3n (o cualquier otro a lo largo de la ruta) TYB ser\u00e1 responsable de los billetes de reemplazo y \/ o reembolsos.<\/li>\n<li>Todos los precios son en dirhams de los EAU, no se a\u00f1aden impuestos a ninguna reserva.<\/li>\n<li>TYB se reserva el derecho, en caso necesario, de desviarse de la ruta prevista del buque. Tenga en cuenta que los puertos deportivos y el estado del mar pueden provocar retrasos o alteraciones en la ruta anunciada. En la medida de lo posible, se informar\u00e1 a los clientes de cualquier cambio antes de la salida.<\/li>\n<li>Debido a la naturaleza del negocio, no se pueden garantizar los horarios de salida, pero se har\u00e1 todo lo posible por cumplirlos. TYB colabora estrechamente con las autoridades de guardacostas de los Emiratos \u00c1rabes Unidos para garantizar que se mantengan altos niveles de comodidad y seguridad para los clientes.<\/li>\n<li>Todos los pasajeros deber\u00e1n llegar al lugar de la operaci\u00f3n al menos 30 minutos antes de la hora del crucero.<\/li>\n<li>Tenga en cuenta que si pierde la salida programada, no tendr\u00e1 derecho a una reserva posterior ni a reembolso. Si usted es<br \/>\nSi no est\u00e1 presente en el momento de facturar a la hora de salida reservada, nuestro equipo de embarque intentar\u00e1 ponerse en contacto con usted. Aseg\u00farese de facilitarnos un n\u00famero de tel\u00e9fono m\u00f3vil que el pasajero principal lleve consigo el d\u00eda de la reserva.<\/li>\n<li>TYB dar\u00e1 prioridad a todos los clientes con respecto a sus horas de reserva y nunca permitir\u00e1 que los clientes que lleguen tarde tengan un impacto en las horas de salida posteriores. TYB no se hace responsable de los factores fuera de nuestro control, por ejemplo, los servicios de cercan\u00edas de \u00faltima hora, el tr\u00e1fico o las dificultades de aparcamiento (esto no es una lista exhaustiva).<\/li>\n<li>De vez en cuando TYB se reserva el derecho de cambiar el buque en el que su grupo est\u00e1 reservado, esto no afectar\u00e1 el n\u00famero de pasajeros o la experiencia \/ tiempos de transferencia.<\/li>\n<li>En ocasiones, TYB puede actuar como agente de gesti\u00f3n para reservas de grupos m\u00e1s grandes en los que los barcos pueden ser suministrados por empresas alternativas. En este caso, estar\u00e1s cubierto por su seguro, su deber de diligencia y sus condiciones. TYB no se hace responsable de las reservas de terceros.<\/li>\n<li>Las reservas efectuadas con vales de descuento no pueden reservarse en l\u00ednea. Al utilizar DiscountVouchers, la reserva debe hacerse por tel\u00e9fono (+971 4 432 8543) o por correo electr\u00f3nico (book@theyellowboats.com).<\/li>\n<\/ul>\n<p>&nbsp;<\/p>\n<p><strong>Enfermedades y embarazo<\/strong><\/p>\n<ul>\n<li>La decisi\u00f3n de navegar y las consecuencias de hacerlo corren por cuenta y riesgo del pasajero.<\/li>\n<li>TYB no acepta ninguna responsabilidad por lesiones personales, o lesiones a terceros y \/ o p\u00e9rdidas o da\u00f1os. Sin excepci\u00f3n, no se permite embarcar a mujeres embarazadas en ninguna fase del embarazo. TYB le aconseja que NO viaje si tiene alguna afecci\u00f3n o dolencia de columna vertebral hist\u00f3rica o actual. Tenga en cuenta que el mar es un entorno en constante cambio y que el buque puede estar sujeto a movimientos impredecibles. No somos expertos m\u00e9dicos, por lo que no podemos evaluar cada situaci\u00f3n individualmente; simplemente le aconsejamos que no viaje con nosotros.<\/li>\n<li>Todas las embarcaciones pueden experimentar movimientos imprevisibles que podr\u00edan agravar afecciones m\u00e9dicas existentes. Debe informarnos de cualquier hecho importante, incluidas las afecciones m\u00e9dicas o discapacidades, que puedan afectar a la decisi\u00f3n del patr\u00f3n de llevarle como pasajero, especialmente epilepsia, mareos, diabetes, angina de pecho o cualquier otra afecci\u00f3n cardiaca, afecciones de espalda\/huesos y embarazo (esta lista no es exhaustiva).<\/li>\n<\/ul>\n<p>&nbsp;<\/p>\n<p><strong>Ropa y equipos de seguridad<\/strong><\/p>\n<ul>\n<li>La decisi\u00f3n de navegar y las consecuencias de hacerlo corren por cuenta y riesgo del pasajero.<\/li>\n<li>TYB no acepta ninguna responsabilidad por lesiones personales, o lesiones a terceros y \/ o p\u00e9rdidas o da\u00f1os. Sin excepci\u00f3n, no se permite embarcar a mujeres embarazadas en ninguna fase del embarazo. TYB le aconseja que NO viaje si tiene alguna afecci\u00f3n o dolencia de columna vertebral hist\u00f3rica o actual. Tenga en cuenta que el mar es un entorno en constante cambio y que el buque puede estar sujeto a movimientos impredecibles. No somos expertos m\u00e9dicos, por lo que no podemos evaluar cada situaci\u00f3n individualmente; simplemente le aconsejamos que no viaje con nosotros.<\/li>\n<li>Todas las embarcaciones pueden experimentar movimientos imprevisibles que podr\u00edan agravar afecciones m\u00e9dicas existentes. Debe informarnos de cualquier hecho importante, incluidas las afecciones m\u00e9dicas o discapacidades, que puedan afectar a la decisi\u00f3n del patr\u00f3n de llevarle como pasajero, especialmente epilepsia, mareos, diabetes, angina de pecho o cualquier otra afecci\u00f3n cardiaca, afecciones de espalda\/huesos y embarazo (esta lista no es exhaustiva).<\/li>\n<\/ul>\n<p>&nbsp;<\/p>\n<p><strong>Confort y bienestar<\/strong><\/p>\n<ul>\n<li>La decisi\u00f3n de navegar y las consecuencias de hacerlo corren por cuenta y riesgo del pasajero.<\/li>\n<li>TYB no acepta ninguna responsabilidad por lesiones personales, o lesiones a terceros y \/ o p\u00e9rdidas o da\u00f1os. Sin excepci\u00f3n, no se permite embarcar a mujeres embarazadas en ninguna fase del embarazo. TYB le aconseja que NO viaje si tiene alguna afecci\u00f3n o dolencia de columna vertebral hist\u00f3rica o actual. Tenga en cuenta que el mar es un entorno en constante cambio y que el buque puede estar sujeto a movimientos impredecibles. No somos expertos m\u00e9dicos, por lo que no podemos evaluar cada situaci\u00f3n individualmente; simplemente le aconsejamos que no viaje con nosotros.<\/li>\n<li>Todas las embarcaciones pueden experimentar movimientos imprevisibles que podr\u00edan agravar afecciones m\u00e9dicas existentes. Debe informarnos de cualquier hecho importante, incluidas las afecciones m\u00e9dicas o discapacidades, que puedan afectar a la decisi\u00f3n del patr\u00f3n de llevarle como pasajero, especialmente epilepsia, mareos, diabetes, angina de pecho o cualquier otra afecci\u00f3n cardiaca, afecciones de espalda\/huesos y embarazo (esta lista no es exhaustiva).<\/li>\n<\/ul>\n<p>&nbsp;<\/p>\n<p><strong>Descuentos y ofertas<\/strong><\/p>\n<ul>\n<li>Los descuentos y ofertas no son acumulables a ninguna otra oferta.<\/li>\n<li>Los vales no son reembolsables, no pueden canjearse por dinero en efectivo ni en parte ni en su totalidad y s\u00f3lo son v\u00e1lidos para una \u00fanica transacci\u00f3n.<\/li>\n<li>Estrictamente no se permitir\u00e1 ninguna pr\u00f3rroga de la fecha de caducidad a partir de la fecha de expedici\u00f3n.<\/li>\n<li>La direcci\u00f3n se reserva el derecho de rechazar cualquier vale que haya sido manipulado o que resulte inaceptable de cualquier modo.<\/li>\n<li>Las ofertas para todas las excursiones est\u00e1n sujetas a disponibilidad.<\/li>\n<li>Las ofertas para residentes en los EAU s\u00f3lo est\u00e1n disponibles con un documento de identidad de los Emiratos v\u00e1lido y debe mostrarse a la llegada.<\/li>\n<\/ul>\n<\/div>\n","protected":false},"excerpt":{"rendered":"<p>Al hacer una reserva con The Yellow Boats LLC (\u00abTYB\u00bb) usted reconoce que ha le\u00eddo, entendido y acepta que quedar\u00e1 vinculado por estos t\u00e9rminos y condiciones durante su tiempo con nosotros. Estas condiciones se rigen y se interpretar\u00e1n de acuerdo con la legislaci\u00f3n de los Emiratos \u00c1rabes Unidos, y cualquier reclamaci\u00f3n presentada en virtud de &hellip; <a href=\"https:\/\/theyellowboats.com\/es\/terms-conditions\/\" class=\"more-link\">Continue reading<span class=\"screen-reader-text\"> \u00abT\u00e9rminos y condiciones\u00bb<\/span><\/a><\/p>\n","protected":false},"author":1,"featured_media":0,"parent":0,"menu_order":0,"comment_status":"closed","ping_status":"closed","template":"","meta":{"footnotes":""},"class_list":["post-2545","page","type-page","status-publish","hentry"],"acf":[],"_links":{"self":[{"href":"https:\/\/theyellowboats.com\/es\/wp-json\/wp\/v2\/pages\/2545","targetHints":{"allow":["GET"]}}],"collection":[{"href":"https:\/\/theyellowboats.com\/es\/wp-json\/wp\/v2\/pages"}],"about":[{"href":"https:\/\/theyellowboats.com\/es\/wp-json\/wp\/v2\/types\/page"}],"author":[{"embeddable":true,"href":"https:\/\/theyellowboats.com\/es\/wp-json\/wp\/v2\/users\/1"}],"replies":[{"embeddable":true,"href":"https:\/\/theyellowboats.com\/es\/wp-json\/wp\/v2\/comments?post=2545"}],"version-history":[{"count":2,"href":"https:\/\/theyellowboats.com\/es\/wp-json\/wp\/v2\/pages\/2545\/revisions"}],"predecessor-version":[{"id":2690,"href":"https:\/\/theyellowboats.com\/es\/wp-json\/wp\/v2\/pages\/2545\/revisions\/2690"}],"wp:attachment":[{"href":"https:\/\/theyellowboats.com\/es\/wp-json\/wp\/v2\/media?parent=2545"}],"curies":[{"name":"wp","href":"https:\/\/api.w.org\/{rel}","templated":true}]}}