{"id":2575,"date":"2023-05-07T16:57:34","date_gmt":"2023-05-07T16:57:34","guid":{"rendered":"https:\/\/theuaeyellowboats.aligneddev.com.au\/suscripcion-al-boletin-de-noticias\/"},"modified":"2023-09-25T02:08:11","modified_gmt":"2023-09-25T02:08:11","slug":"newsletter-signup","status":"publish","type":"page","link":"https:\/\/theyellowboats.com\/es\/newsletter-signup\/","title":{"rendered":"Suscripci\u00f3n al bolet\u00edn de noticias"},"content":{"rendered":"<p>Reci\u00e9n llegado a las costas de su bandeja de entrada, nuestro bolet\u00edn contiene las \u00faltimas noticias y ofertas exclusivas de TYB que no querr\u00e1 perderse.<\/p>\n<p>Suscr\u00edbase hoy mismo a nuestro bolet\u00edn rellenando el siguiente formulario y le enviaremos un c\u00f3digo promocional exclusivo con el que obtendr\u00e1 un 25% de descuento en el circuito que elija.<\/p>\n","protected":false},"excerpt":{"rendered":"<p>Reci\u00e9n llegado a las costas de su bandeja de entrada, nuestro bolet\u00edn contiene las \u00faltimas noticias y ofertas exclusivas de TYB que no querr\u00e1 perderse. Suscr\u00edbase hoy mismo a nuestro bolet\u00edn rellenando el siguiente formulario y le enviaremos un c\u00f3digo promocional exclusivo con el que obtendr\u00e1 un 25% de descuento en el circuito que elija.<\/p>\n","protected":false},"author":1,"featured_media":0,"parent":0,"menu_order":0,"comment_status":"closed","ping_status":"closed","template":"template-pages\/template-newsletter.php","meta":{"footnotes":""},"class_list":["post-2575","page","type-page","status-publish","hentry"],"acf":[],"_links":{"self":[{"href":"https:\/\/theyellowboats.com\/es\/wp-json\/wp\/v2\/pages\/2575","targetHints":{"allow":["GET"]}}],"collection":[{"href":"https:\/\/theyellowboats.com\/es\/wp-json\/wp\/v2\/pages"}],"about":[{"href":"https:\/\/theyellowboats.com\/es\/wp-json\/wp\/v2\/types\/page"}],"author":[{"embeddable":true,"href":"https:\/\/theyellowboats.com\/es\/wp-json\/wp\/v2\/users\/1"}],"replies":[{"embeddable":true,"href":"https:\/\/theyellowboats.com\/es\/wp-json\/wp\/v2\/comments?post=2575"}],"version-history":[{"count":1,"href":"https:\/\/theyellowboats.com\/es\/wp-json\/wp\/v2\/pages\/2575\/revisions"}],"predecessor-version":[{"id":2695,"href":"https:\/\/theyellowboats.com\/es\/wp-json\/wp\/v2\/pages\/2575\/revisions\/2695"}],"wp:attachment":[{"href":"https:\/\/theyellowboats.com\/es\/wp-json\/wp\/v2\/media?parent=2575"}],"curies":[{"name":"wp","href":"https:\/\/api.w.org\/{rel}","templated":true}]}}