{"id":2448,"date":"2023-04-29T20:23:41","date_gmt":"2023-04-29T20:23:41","guid":{"rendered":"https:\/\/theuaeyellowboats.aligneddev.com.au\/politique-de-confidentialite\/"},"modified":"2023-09-25T02:17:40","modified_gmt":"2023-09-25T02:17:40","slug":"privacy-policy","status":"publish","type":"page","link":"https:\/\/theyellowboats.com\/fr\/privacy-policy\/","title":{"rendered":"Politique de confidentialit\u00e9"},"content":{"rendered":"<h3>Quelles sont les informations que nous recueillons ?<\/h3>\n<p>Nous recueillons des informations aupr\u00e8s de vous lorsque vous vous inscrivez sur notre site, passez une commande, vous abonnez \u00e0 notre bulletin d&rsquo;information ou r\u00e9pondez \u00e0 une enqu\u00eate.<\/p>\n<p>Lors d&rsquo;une commande ou d&rsquo;un enregistrement sur notre site, selon le cas, il peut vous \u00eatre demand\u00e9 de saisir votre nom, votre adresse \u00e9lectronique, votre adresse postale, votre num\u00e9ro de t\u00e9l\u00e9phone ou les informations relatives \u00e0 votre carte de cr\u00e9dit. Vous pouvez toutefois visiter notre site de mani\u00e8re anonyme.<\/p>\n<h3>\u00c0 quelles fins utilisons-nous vos informations ?<\/h3>\n<p>Google, en tant que fournisseur tiers, utilise des cookies pour diffuser des annonces sur votre site. L&rsquo;utilisation par Google du cookie DART lui permet de diffuser des annonces \u00e0 vos utilisateurs en fonction de leur visite sur votre site et d&rsquo;autres sites Internet. Les utilisateurs peuvent d\u00e9sactiver l&rsquo;utilisation du cookie DART en consultant les r\u00e8gles de confidentialit\u00e9 du r\u00e9seau d&rsquo;annonces et de contenu de Google.<\/p>\n<h3>Traiter les transactions<\/h3>\n<p>Les informations que nous recueillons aupr\u00e8s de vous peuvent \u00eatre utilis\u00e9es de l&rsquo;une des mani\u00e8res suivantes :<\/p>\n<p>Pour personnaliser votre exp\u00e9rience (vos informations nous aident \u00e0 mieux r\u00e9pondre \u00e0 vos besoins individuels)<br \/>Am\u00e9liorer notre site web (nous nous effor\u00e7ons continuellement d&rsquo;am\u00e9liorer les offres de notre site web en fonction des informations et des r\u00e9actions que nous recevons de votre part).<br \/>Am\u00e9liorer le service \u00e0 la client\u00e8le (vos informations nous aident \u00e0 r\u00e9pondre plus efficacement \u00e0 vos demandes de service \u00e0 la client\u00e8le et \u00e0 vos besoins d&rsquo;assistance)<\/p>\n<h3>Envoyer des courriels p\u00e9riodiques<\/h3>\n<p>Vos informations, qu&rsquo;elles soient publiques ou priv\u00e9es, ne seront pas vendues, \u00e9chang\u00e9es, transf\u00e9r\u00e9es ou donn\u00e9es \u00e0 une autre soci\u00e9t\u00e9 pour quelque raison que ce soit, sans votre consentement, sauf dans le but expr\u00e8s de fournir le produit achet\u00e9 ou le service demand\u00e9.<\/p>\n<h3>Comment prot\u00e9geons-nous vos informations ?<\/h3>\n<p>L&rsquo;adresse \u00e9lectronique que vous fournissez pour le traitement de votre commande ne sera utilis\u00e9e que pour vous envoyer des informations et des mises \u00e0 jour concernant votre commande.<\/p>\n<p>Toutes les donn\u00e9es ou informations relatives aux cartes de cr\u00e9dit ou de d\u00e9bit ne seront PAS stock\u00e9es, vendues, partag\u00e9es, lou\u00e9es ou c\u00e9d\u00e9es \u00e0 des tiers. Nous mettons en \u0153uvre diverses mesures de s\u00e9curit\u00e9 pour pr\u00e9server la s\u00e9curit\u00e9 de vos informations personnelles lorsque vous passez une commande ou lorsque vous entrez, soumettez ou acc\u00e9dez \u00e0 vos informations personnelles. Nous proposons l&rsquo;utilisation d&rsquo;un serveur s\u00e9curis\u00e9. Toutes les informations sensibles\/de cr\u00e9dit fournies sont transmises via la technologie Secure Socket Layer (SSL), puis crypt\u00e9es dans la base de donn\u00e9es de nos fournisseurs de passerelles de paiement, pour n&rsquo;\u00eatre accessibles qu&rsquo;aux personnes autoris\u00e9es disposant de droits d&rsquo;acc\u00e8s sp\u00e9ciaux \u00e0 ces syst\u00e8mes, et qui sont tenues de garder les informations confidentielles.<\/p>\n<p>Apr\u00e8s une transaction, vos informations priv\u00e9es (cartes de cr\u00e9dit, num\u00e9ros de s\u00e9curit\u00e9 sociale, donn\u00e9es financi\u00e8res, etc.<\/p>\n","protected":false},"excerpt":{"rendered":"<p>Quelles sont les informations que nous recueillons ? Nous recueillons des informations aupr\u00e8s de vous lorsque vous vous inscrivez sur notre site, passez une commande, vous abonnez \u00e0 notre bulletin d&rsquo;information ou r\u00e9pondez \u00e0 une enqu\u00eate. Lors d&rsquo;une commande ou d&rsquo;un enregistrement sur notre site, selon le cas, il peut vous \u00eatre demand\u00e9 de saisir &hellip; <a href=\"https:\/\/theyellowboats.com\/fr\/privacy-policy\/\" class=\"more-link\">Continue reading<span class=\"screen-reader-text\"> \u00ab\u00a0Politique de confidentialit\u00e9\u00a0\u00bb<\/span><\/a><\/p>\n","protected":false},"author":1,"featured_media":0,"parent":0,"menu_order":0,"comment_status":"closed","ping_status":"open","template":"","meta":{"footnotes":""},"class_list":["post-2448","page","type-page","status-publish","hentry"],"acf":[],"_links":{"self":[{"href":"https:\/\/theyellowboats.com\/fr\/wp-json\/wp\/v2\/pages\/2448","targetHints":{"allow":["GET"]}}],"collection":[{"href":"https:\/\/theyellowboats.com\/fr\/wp-json\/wp\/v2\/pages"}],"about":[{"href":"https:\/\/theyellowboats.com\/fr\/wp-json\/wp\/v2\/types\/page"}],"author":[{"embeddable":true,"href":"https:\/\/theyellowboats.com\/fr\/wp-json\/wp\/v2\/users\/1"}],"replies":[{"embeddable":true,"href":"https:\/\/theyellowboats.com\/fr\/wp-json\/wp\/v2\/comments?post=2448"}],"version-history":[{"count":1,"href":"https:\/\/theyellowboats.com\/fr\/wp-json\/wp\/v2\/pages\/2448\/revisions"}],"predecessor-version":[{"id":2682,"href":"https:\/\/theyellowboats.com\/fr\/wp-json\/wp\/v2\/pages\/2448\/revisions\/2682"}],"wp:attachment":[{"href":"https:\/\/theyellowboats.com\/fr\/wp-json\/wp\/v2\/media?parent=2448"}],"curies":[{"name":"wp","href":"https:\/\/api.w.org\/{rel}","templated":true}]}}