{"id":2511,"date":"2023-05-07T16:59:00","date_gmt":"2023-05-07T16:59:00","guid":{"rendered":"https:\/\/theuaeyellowboats.aligneddev.com.au\/merci-bulletin-dinformation\/"},"modified":"2023-09-25T02:21:31","modified_gmt":"2023-09-25T02:21:31","slug":"thank-you-newsletter","status":"publish","type":"page","link":"https:\/\/theyellowboats.com\/fr\/thank-you-newsletter\/","title":{"rendered":"Merci &#8211; Bulletin d&rsquo;information"},"content":{"rendered":"<h3>Merci de vous \u00eatre abonn\u00e9 \u00e0 notre lettre d&rsquo;information !<\/h3>\n","protected":false},"excerpt":{"rendered":"<p>Merci de vous \u00eatre abonn\u00e9 \u00e0 notre lettre d&rsquo;information !<\/p>\n","protected":false},"author":1,"featured_media":0,"parent":0,"menu_order":0,"comment_status":"closed","ping_status":"closed","template":"","meta":{"footnotes":""},"class_list":["post-2511","page","type-page","status-publish","hentry"],"acf":[],"_links":{"self":[{"href":"https:\/\/theyellowboats.com\/fr\/wp-json\/wp\/v2\/pages\/2511","targetHints":{"allow":["GET"]}}],"collection":[{"href":"https:\/\/theyellowboats.com\/fr\/wp-json\/wp\/v2\/pages"}],"about":[{"href":"https:\/\/theyellowboats.com\/fr\/wp-json\/wp\/v2\/types\/page"}],"author":[{"embeddable":true,"href":"https:\/\/theyellowboats.com\/fr\/wp-json\/wp\/v2\/users\/1"}],"replies":[{"embeddable":true,"href":"https:\/\/theyellowboats.com\/fr\/wp-json\/wp\/v2\/comments?post=2511"}],"version-history":[{"count":1,"href":"https:\/\/theyellowboats.com\/fr\/wp-json\/wp\/v2\/pages\/2511\/revisions"}],"predecessor-version":[{"id":2552,"href":"https:\/\/theyellowboats.com\/fr\/wp-json\/wp\/v2\/pages\/2511\/revisions\/2552"}],"wp:attachment":[{"href":"https:\/\/theyellowboats.com\/fr\/wp-json\/wp\/v2\/media?parent=2511"}],"curies":[{"name":"wp","href":"https:\/\/api.w.org\/{rel}","templated":true}]}}