{"id":2518,"date":"2023-05-06T19:08:16","date_gmt":"2023-05-06T19:08:16","guid":{"rendered":"https:\/\/theuaeyellowboats.aligneddev.com.au\/termes-et-conditions\/"},"modified":"2023-09-25T02:20:59","modified_gmt":"2023-09-25T02:20:59","slug":"terms-conditions","status":"publish","type":"page","link":"https:\/\/theyellowboats.com\/fr\/terms-conditions\/","title":{"rendered":"Termes et conditions"},"content":{"rendered":"<div class=\"entry-content\">\n<p>En effectuant une r\u00e9servation aupr\u00e8s de The Yellow Boats LLC (\u00ab\u00a0TYB\u00a0\u00bb), vous reconnaissez avoir lu, compris et accept\u00e9 d&rsquo;\u00eatre li\u00e9 par ces conditions g\u00e9n\u00e9rales pendant votre s\u00e9jour chez nous.<\/p>\n<p>Les pr\u00e9sentes conditions g\u00e9n\u00e9rales sont r\u00e9gies par la l\u00e9gislation des \u00c9mirats arabes unis et doivent \u00eatre interpr\u00e9t\u00e9es conform\u00e9ment \u00e0 cette l\u00e9gislation, et toute plainte d\u00e9pos\u00e9e dans le cadre de ces conditions sera soumise \u00e0 la juridiction exclusive des \u00c9mirats arabes unis. TYB n&rsquo;est pas responsable des passagers qui se trouvent sur le lieu de l&rsquo;op\u00e9ration ou dans les zones environnantes. Les visites touristiques de TYB sont organis\u00e9es par TYB.<\/p>\n<p>TYB n&rsquo;est pas responsable envers les passagers de TYB de toute perte ou de tout dommage r\u00e9sultant de l&rsquo;exploitation de TYB, y compris, mais sans s&rsquo;y limiter, le manque \u00e0 gagner, les dommages ou la perte de biens ou d&rsquo;articles appartenant au passager et tout dommage corporel subi par le passager. Les billets peuvent \u00eatre achet\u00e9s individuellement ou un bateau peut \u00eatre lou\u00e9 en exclusivit\u00e9 (on parle alors de \u00ab\u00a0Private Charter\u00a0\u00bb).<\/p>\n<p>Le nombre maximum de personnes autoris\u00e9es par bateau est de dix-huit ou 18 (18 passagers et 2 membres d&rsquo;\u00e9quipage). Sauf si un bateau a \u00e9t\u00e9 affr\u00e9t\u00e9, les groupes de 18 personnes ne voyagent pas toujours dans le m\u00eame bateau, sauf accord pr\u00e9alable avec TYB. Tous<br \/>\nles personnes qui font une croisi\u00e8re sur le navire doivent payer leur entr\u00e9e avant de monter \u00e0 bord du navire. Les billets doivent \u00eatre conserv\u00e9s \u00e0 tout moment et pr\u00e9sent\u00e9s pour inspection \u00e0 la demande de tout employ\u00e9 ou agent de TYB. Toute personne tentant d&rsquo;acc\u00e9der au navire sans billet valable peut \u00eatre expuls\u00e9e du navire et de ses abords.<\/p>\n<p>&nbsp;<\/p>\n<p><strong>R\u00e9servations<\/strong><\/p>\n<ul>\n<li>En cas d&rsquo;annulation dans les 24 heures pr\u00e9c\u00e9dant l&rsquo;heure de d\u00e9part, l&rsquo;int\u00e9gralit\u00e9 du paiement sera exig\u00e9e. Avant cette p\u00e9riode, des frais d&rsquo;annulation de 10 % seront factur\u00e9s pour les r\u00e9servations en ligne. En cas de non-pr\u00e9sentation ou d&rsquo;arriv\u00e9e tardive, le paiement int\u00e9gral sera exig\u00e9.<\/li>\n<li>Toutes les r\u00e9servations ne sont pas transf\u00e9rables, sauf \u00e0 l&rsquo;enti\u00e8re discr\u00e9tion de TYB. Les r\u00e9servations ne seront transf\u00e9r\u00e9es qu&rsquo;en cas de circonstances att\u00e9nuantes et si la demande est notifi\u00e9e par courrier \u00e9lectronique au moins 24 heures \u00e0 l&rsquo;avance. La politique d&rsquo;annulation de 100 % dans les 24 heures pr\u00e9c\u00e9dant l&rsquo;heure de d\u00e9part s&rsquo;applique \u00e9galement.<\/li>\n<li>TYB se r\u00e9serve le droit de d\u00e9placer l&rsquo;heure ou le jour de votre r\u00e9servation en raison de besoins op\u00e9rationnels ou d&rsquo;autres engagements de l&rsquo;entreprise. Parfois, l&rsquo;implication de l&rsquo;organe directeur peut entra\u00eener des changements.<\/li>\n<li>Nous ferons tout ce qui est raisonnablement possible pour assurer le fonctionnement de TYB. Toutefois, nous nous r\u00e9servons le droit, \u00e0 notre enti\u00e8re discr\u00e9tion, pour des raisons de s\u00e9curit\u00e9 ou autres, et avec ou sans pr\u00e9avis, d&rsquo;annuler toute croisi\u00e8re. Dans le cas d&rsquo;une telle annulation, TYB remboursera int\u00e9gralement \u00e0 tout visiteur dont le voyage est annul\u00e9 le co\u00fbt de son billet pr\u00e9pay\u00e9, mais ne sera en aucun cas responsable, y compris pour les frais de voyage ou toute autre d\u00e9pense, en ce qui concerne l&rsquo;annulation.<\/li>\n<li>Dans le cas improbable o\u00f9 le navire devrait retourner d&rsquo;urgence au lieu d&rsquo;exploitation (ou \u00e0 toute autre route), TYB sera responsable du remplacement des billets et\/ou des remboursements.<\/li>\n<li>Tous les prix sont exprim\u00e9s en dirhams des \u00c9mirats arabes unis, aucune taxe n&rsquo;est ajout\u00e9e \u00e0 la r\u00e9servation.<\/li>\n<li>TYB se r\u00e9serve le droit, le cas \u00e9ch\u00e9ant, de s&rsquo;\u00e9carter de la route pr\u00e9vue pour un navire. Veuillez noter que les marinas et l&rsquo;\u00e9tat de la mer peuvent entra\u00eener des retards ou des modifications de l&rsquo;itin\u00e9raire annonc\u00e9. Dans la mesure du possible, les clients seront inform\u00e9s de tout changement avant le d\u00e9part.<\/li>\n<li>En raison de la nature de l&rsquo;activit\u00e9, les horaires de navigation ne peuvent \u00eatre garantis, mais tous les efforts seront faits pour respecter le calendrier. Des restrictions de vitesse s&rsquo;appliquent \u00e0 certains endroits de la marina. TYB travaille en \u00e9troite collaboration avec les autorit\u00e9s des garde-c\u00f4tes des \u00c9mirats arabes unis afin de garantir le confort et la s\u00e9curit\u00e9 de ses clients.<\/li>\n<li>Tous les passagers doivent se pr\u00e9senter sur le lieu de l&rsquo;op\u00e9ration au moins 30 minutes avant l&rsquo;heure de la croisi\u00e8re.<\/li>\n<li>Veuillez noter que si vous manquez le d\u00e9part pr\u00e9vu, vous ne pourrez pas b\u00e9n\u00e9ficier d&rsquo;une r\u00e9servation ult\u00e9rieure ou d&rsquo;un remboursement. Si vous \u00eates<br \/>\nSi vous n&rsquo;\u00eates pas pr\u00e9sent lors de l&rsquo;enregistrement \u00e0 l&rsquo;heure de d\u00e9part pr\u00e9vue, notre \u00e9quipe d&#8217;embarquement s&rsquo;efforcera de vous contacter. Veuillez vous assurer de nous fournir un num\u00e9ro de t\u00e9l\u00e9phone portable que votre passager principal aura sur lui le jour de la r\u00e9servation.<\/li>\n<li>TYB donnera la priorit\u00e9 \u00e0 tous les clients en fonction de leur heure de r\u00e9servation et ne permettra jamais aux clients retardataires d&rsquo;avoir un impact sur les heures de d\u00e9part ult\u00e9rieures. TYB n&rsquo;est pas responsable des facteurs qui \u00e9chappent \u00e0 son contr\u00f4le, par exemple les retards des services de banlieue, les difficult\u00e9s de circulation ou de stationnement (cette liste n&rsquo;est pas exhaustive).<\/li>\n<li>TYB se r\u00e9serve le droit de changer de temps \u00e0 autre le navire sur lequel votre groupe est r\u00e9serv\u00e9, sans que cela n&rsquo;affecte le nombre de passagers ou les temps d&rsquo;exp\u00e9rience\/de transfert.<\/li>\n<li>TYB peut parfois agir en tant qu&rsquo;agent de gestion pour des r\u00e9servations de groupes plus importants o\u00f9 les bateaux peuvent \u00eatre fournis par d&rsquo;autres compagnies. Dans ce cas, vous serez couvert par leur assurance, leur devoir de diligence et leurs conditions g\u00e9n\u00e9rales. TYB n&rsquo;est pas responsable des r\u00e9servations effectu\u00e9es par des tiers.<\/li>\n<li>Les r\u00e9servations effectu\u00e9es \u00e0 l&rsquo;aide de bons de r\u00e9duction ne peuvent pas \u00eatre effectu\u00e9es en ligne. Lors de l&rsquo;utilisation des bons de r\u00e9duction, la r\u00e9servation doit \u00eatre effectu\u00e9e par t\u00e9l\u00e9phone (+971 4 432 8543) ou par courriel (book@theyellowboats.com).<\/li>\n<\/ul>\n<p>&nbsp;<\/p>\n<p><strong>Conditions m\u00e9dicales et grossesse<\/strong><\/p>\n<ul>\n<li>La d\u00e9cision de naviguer et les cons\u00e9quences de cette d\u00e9cision sont enti\u00e8rement aux risques et p\u00e9rils du passager.<\/li>\n<li>TYB n&rsquo;accepte aucune responsabilit\u00e9 en cas de blessure personnelle ou de blessure d&rsquo;autrui et\/ou de perte ou de dommage. Sans exception, les femmes enceintes ne sont pas autoris\u00e9es \u00e0 monter \u00e0 bord, quel que soit le stade de leur grossesse. TYB vous conseille de ne pas voyager si vous avez des probl\u00e8mes ou des plaintes concernant votre colonne vert\u00e9brale, qu&rsquo;ils soient anciens ou actuels. Il faut savoir que la mer est un environnement en constante \u00e9volution et que le navire peut \u00eatre soumis \u00e0 des mouvements impr\u00e9visibles. Nous ne sommes pas des experts m\u00e9dicaux et ne pouvons donc pas \u00e9valuer chaque situation individuellement ; nous vous conseillons simplement de ne pas voyager avec nous.<\/li>\n<li>Tous les bateaux peuvent conna\u00eetre des mouvements impr\u00e9visibles susceptibles d&rsquo;aggraver des conditions m\u00e9dicales existantes. Vous devez nous informer de tout fait important, y compris les conditions m\u00e9dicales ou les handicaps, qui peuvent affecter la d\u00e9cision du skipper de vous transporter en tant que passager, en particulier l&rsquo;\u00e9pilepsie, les vertiges, le diab\u00e8te, l&rsquo;angine de poitrine ou toute autre condition cardiaque, les conditions dorsales et osseuses et la grossesse (cette liste n&rsquo;est pas exhaustive).<\/li>\n<\/ul>\n<p>&nbsp;<\/p>\n<p><strong>V\u00eatements et \u00e9quipements de s\u00e9curit\u00e9<\/strong><\/p>\n<ul>\n<li>La d\u00e9cision de naviguer et les cons\u00e9quences de cette d\u00e9cision sont enti\u00e8rement aux risques et p\u00e9rils du passager.<\/li>\n<li>TYB n&rsquo;accepte aucune responsabilit\u00e9 en cas de blessure personnelle ou de blessure d&rsquo;autrui et\/ou de perte ou de dommage. Sans exception, les femmes enceintes ne sont pas autoris\u00e9es \u00e0 monter \u00e0 bord, quel que soit le stade de leur grossesse. TYB vous conseille de ne pas voyager si vous avez des probl\u00e8mes ou des plaintes concernant votre colonne vert\u00e9brale, qu&rsquo;ils soient anciens ou actuels. Il faut savoir que la mer est un environnement en constante \u00e9volution et que le navire peut \u00eatre soumis \u00e0 des mouvements impr\u00e9visibles. Nous ne sommes pas des experts m\u00e9dicaux et ne pouvons donc pas \u00e9valuer chaque situation individuellement ; nous vous conseillons simplement de ne pas voyager avec nous.<\/li>\n<li>Tous les bateaux peuvent conna\u00eetre des mouvements impr\u00e9visibles susceptibles d&rsquo;aggraver des conditions m\u00e9dicales existantes. Vous devez nous informer de tout fait important, y compris les conditions m\u00e9dicales ou les handicaps, qui peuvent affecter la d\u00e9cision du skipper de vous transporter en tant que passager, en particulier l&rsquo;\u00e9pilepsie, les vertiges, le diab\u00e8te, l&rsquo;angine de poitrine ou toute autre condition cardiaque, les conditions dorsales et osseuses et la grossesse (cette liste n&rsquo;est pas exhaustive).<\/li>\n<\/ul>\n<p>&nbsp;<\/p>\n<p><strong>Confort et bien-\u00eatre<\/strong><\/p>\n<ul>\n<li>La d\u00e9cision de naviguer et les cons\u00e9quences de cette d\u00e9cision sont enti\u00e8rement aux risques et p\u00e9rils du passager.<\/li>\n<li>TYB n&rsquo;accepte aucune responsabilit\u00e9 en cas de blessure personnelle ou de blessure d&rsquo;autrui et\/ou de perte ou de dommage. Sans exception, les femmes enceintes ne sont pas autoris\u00e9es \u00e0 monter \u00e0 bord, quel que soit le stade de leur grossesse. TYB vous conseille de ne pas voyager si vous avez des probl\u00e8mes ou des plaintes concernant votre colonne vert\u00e9brale, qu&rsquo;ils soient anciens ou actuels. Il faut savoir que la mer est un environnement en constante \u00e9volution et que le navire peut \u00eatre soumis \u00e0 des mouvements impr\u00e9visibles. Nous ne sommes pas des experts m\u00e9dicaux et ne pouvons donc pas \u00e9valuer chaque situation individuellement ; nous vous conseillons simplement de ne pas voyager avec nous.<\/li>\n<li>Tous les bateaux peuvent conna\u00eetre des mouvements impr\u00e9visibles susceptibles d&rsquo;aggraver des conditions m\u00e9dicales existantes. Vous devez nous informer de tout fait important, y compris les conditions m\u00e9dicales ou les handicaps, qui peuvent affecter la d\u00e9cision du skipper de vous transporter en tant que passager, en particulier l&rsquo;\u00e9pilepsie, les vertiges, le diab\u00e8te, l&rsquo;angine de poitrine ou toute autre condition cardiaque, les conditions dorsales et osseuses et la grossesse (cette liste n&rsquo;est pas exhaustive).<\/li>\n<\/ul>\n<p>&nbsp;<\/p>\n<p><strong>R\u00e9ductions et offres<\/strong><\/p>\n<ul>\n<li>Les remises et les offres ne sont pas cumulables avec d&rsquo;autres offres.<\/li>\n<li>Les bons ne sont pas remboursables et ne peuvent \u00eatre \u00e9chang\u00e9s contre de l&rsquo;argent, en partie ou en totalit\u00e9, et ne sont valables que pour une seule transaction.<\/li>\n<li>Aucune prolongation de la date d&rsquo;expiration \u00e0 partir de la date de d\u00e9livrance ne sera autoris\u00e9e.<\/li>\n<li>La direction se r\u00e9serve le droit de refuser tout bon qui a \u00e9t\u00e9 modifi\u00e9 ou qui est inacceptable de quelque mani\u00e8re que ce soit.<\/li>\n<li>Les offres pour tous les circuits sont soumises \u00e0 disponibilit\u00e9.<\/li>\n<li>Les offres pour les r\u00e9sidents des \u00c9mirats arabes unis ne sont disponibles que sur pr\u00e9sentation d&rsquo;une carte d&rsquo;identit\u00e9 \u00e9mirienne valide, qui doit \u00eatre pr\u00e9sent\u00e9e \u00e0 l&rsquo;arriv\u00e9e.<\/li>\n<\/ul>\n<\/div>\n","protected":false},"excerpt":{"rendered":"<p>En effectuant une r\u00e9servation aupr\u00e8s de The Yellow Boats LLC (\u00ab\u00a0TYB\u00a0\u00bb), vous reconnaissez avoir lu, compris et accept\u00e9 d&rsquo;\u00eatre li\u00e9 par ces conditions g\u00e9n\u00e9rales pendant votre s\u00e9jour chez nous. Les pr\u00e9sentes conditions g\u00e9n\u00e9rales sont r\u00e9gies par la l\u00e9gislation des \u00c9mirats arabes unis et doivent \u00eatre interpr\u00e9t\u00e9es conform\u00e9ment \u00e0 cette l\u00e9gislation, et toute plainte d\u00e9pos\u00e9e dans &hellip; <a href=\"https:\/\/theyellowboats.com\/fr\/terms-conditions\/\" class=\"more-link\">Continue reading<span class=\"screen-reader-text\"> \u00ab\u00a0Termes et conditions\u00a0\u00bb<\/span><\/a><\/p>\n","protected":false},"author":1,"featured_media":0,"parent":0,"menu_order":0,"comment_status":"closed","ping_status":"closed","template":"","meta":{"footnotes":""},"class_list":["post-2518","page","type-page","status-publish","hentry"],"acf":[],"_links":{"self":[{"href":"https:\/\/theyellowboats.com\/fr\/wp-json\/wp\/v2\/pages\/2518","targetHints":{"allow":["GET"]}}],"collection":[{"href":"https:\/\/theyellowboats.com\/fr\/wp-json\/wp\/v2\/pages"}],"about":[{"href":"https:\/\/theyellowboats.com\/fr\/wp-json\/wp\/v2\/types\/page"}],"author":[{"embeddable":true,"href":"https:\/\/theyellowboats.com\/fr\/wp-json\/wp\/v2\/users\/1"}],"replies":[{"embeddable":true,"href":"https:\/\/theyellowboats.com\/fr\/wp-json\/wp\/v2\/comments?post=2518"}],"version-history":[{"count":2,"href":"https:\/\/theyellowboats.com\/fr\/wp-json\/wp\/v2\/pages\/2518\/revisions"}],"predecessor-version":[{"id":2691,"href":"https:\/\/theyellowboats.com\/fr\/wp-json\/wp\/v2\/pages\/2518\/revisions\/2691"}],"wp:attachment":[{"href":"https:\/\/theyellowboats.com\/fr\/wp-json\/wp\/v2\/media?parent=2518"}],"curies":[{"name":"wp","href":"https:\/\/api.w.org\/{rel}","templated":true}]}}