{"id":2520,"date":"2023-05-06T19:03:09","date_gmt":"2023-05-06T19:03:09","guid":{"rendered":"https:\/\/theuaeyellowboats.aligneddev.com.au\/entreprise\/"},"modified":"2023-09-25T02:20:52","modified_gmt":"2023-09-25T02:20:52","slug":"corporate","status":"publish","type":"page","link":"https:\/\/theyellowboats.com\/fr\/corporate\/","title":{"rendered":"Entreprise"},"content":{"rendered":"<p>Les bateaux jaunes sont la premi\u00e8re exp\u00e9rience touristique prim\u00e9e du Moyen-Orient. Nous sommes fiers de proposer des visites guid\u00e9es s\u00fbres et coh\u00e9rentes autour des merveilles d&rsquo;Abu Dhabi et de Duba\u00ef.<\/p>\n<p>Vous naviguerez dans le confort et la s\u00e9curit\u00e9 d&rsquo;un bateau pneumatique rigide et admirerez les paysages incroyables que les \u00c9mirats arabes unis ont \u00e0 offrir. Qu&rsquo;il s&rsquo;agisse d&rsquo;un v\u00e9ritable amour pour les d\u00e9veloppements aquatiques de la r\u00e9gion, d&rsquo;un besoin de vitesse ou simplement d&rsquo;une occasion \u00e0 c\u00e9l\u00e9brer, les Yellow Boats sont \u00e0 la hauteur.<\/p>\n<h4>LES PARTENARIATS AVEC LES ENTREPRISES :<\/h4>\n<p>Si vous \u00eates un tour op\u00e9rateur ou une attraction, une agence de voyage ou un h\u00f4tel, un restaurant ou un commerce de d\u00e9tail et que vous souhaitez vous associer aux Bateaux Jaunes pour proposer des forfaits d&rsquo;entreprise, nous aimerions que vous nous contactiez. N&rsquo;h\u00e9sitez pas \u00e0 nous contacter pour nous faire part de vos propositions de forfaits d&rsquo;entreprise et de vos demandes de renseignements \u00e0 l&rsquo;adresse <a href=\"mailto:marketing@theyellowboats.com\">suivante : marketing@theyellowboats.com<\/a>.<\/p>\n<h4>POUR LES R\u00c9SERVATIONS D&rsquo;ENTREPRISES :<\/h4>\n<h5>\u00c0 qui s&rsquo;adressent les r\u00e9servations d&rsquo;entreprise ?<\/h5>\n<p>Concevez votre propre circuit d&rsquo;entreprise pour 100 personnes maximum ! Nos circuits conviennent aux groupes d&rsquo;entreprises \u00e0 la recherche d&rsquo;une aventure amusante et instructive pour renforcer l&rsquo;esprit d&rsquo;\u00e9quipe. Nos excursions peuvent apporter une nouvelle perspective \u00e0 votre journ\u00e9e gr\u00e2ce \u00e0 certaines des exp\u00e9riences touristiques sur l&rsquo;eau les plus int\u00e9ressantes et les plus passionnantes.<\/p>\n<h5>Personnalisez votre exp\u00e9rience touristique<\/h5>\n<p>Avec les r\u00e9servations d&rsquo;entreprise des Bateaux Jaunes, vous choisissez la destination, les points forts que vous pr\u00e9f\u00e9rez et les dates de votre voyage. Faites-nous simplement part de vos pr\u00e9f\u00e9rences et nous adapterons le voyage aux besoins de votre groupe.<\/p>\n<p>Vous embarquerez pour votre voyage unique avec la tranquillit\u00e9 d&rsquo;esprit de savoir que tous les aspects du voyage sont pris en charge et entre des mains expertes.<\/p>\n<h5>Y a-t-il un nombre minimum\/maximum de personnes pour une r\u00e9servation d&rsquo;entreprise ?<\/h5>\n<p>Chacun de nos bateaux peut accueillir 10, 11 ou 14 personnes, mais si votre groupe est plus important, nous r\u00e9serverons simplement plus de bateaux, afin que vous et votre groupe puissiez profiter d&rsquo;une flotte Yellow Boats sur l&rsquo;eau.<\/p>\n<p>Si nous envoyons tous nos bateaux, nous pouvons transporter 100 personnes \u00e0 la fois. Si vous avez un groupe plus important, nous pouvons simplement r\u00e9server nos bateaux sur plusieurs jours.<\/p>\n<h5>Comment faire une r\u00e9servation pour une entreprise<\/h5>\n<p>Pour effectuer une r\u00e9servation de groupe, vous pouvez contacter notre \u00e9quipe de r\u00e9servation par courriel <a href=\"mailto:book@theyellowboats.com\">book@theyellowboats.com <\/a>ou nous appeler au 800 TYB (892) ou au num\u00e9ro international +971 4 432 8543.<\/p>\n<h4>Circuits et prix<\/h4>\n<h5>Dubai Tours<\/h5>\n<p><strong><br \/>\n  <em>Visite originale de 99 minutes<br \/>\n<\/em><br \/>\n<\/strong>Affr\u00e8tement priv\u00e9 (jusqu&rsquo;\u00e0 11 personnes) : 2 365 AED par bateau<br \/>\nCharter priv\u00e9 (jusqu&rsquo;\u00e0 14 personnes) : AED 2995 par bateau<em> <\/em><br \/>\nAffr\u00e8tement priv\u00e9 (jusqu&rsquo;\u00e0 18 personnes) : 3 850 AED par bateau<\/p>\n<p><strong><br \/>\n  <em>75 min Tour de l&rsquo;Atlantide<br \/>\n<\/em><br \/>\n<\/strong>Affr\u00e8tement priv\u00e9 (jusqu&rsquo;\u00e0 11 personnes) : 1 945 AED par bateau<br \/>\nAffr\u00e8tement priv\u00e9 (jusqu&rsquo;\u00e0 14 personnes) : 2 470 AED par bateau<br \/>\nAffr\u00e8tement priv\u00e9 (jusqu&rsquo;\u00e0 18 personnes) : 3 200 AED par bateau<\/p>\n<p><strong><br \/>\n  <em>Croisi\u00e8re de 60 minutes dans la marina<\/em><\/p>\n<p><\/strong>Affr\u00e8tement priv\u00e9 (jusqu&rsquo;\u00e0 11 personnes) : 1 575 AED par bateau<br \/>\nAffr\u00e8tement priv\u00e9 (jusqu&rsquo;\u00e0 14 personnes) : 1 995 AED par bateau<br \/>\nAffr\u00e8tement priv\u00e9 (jusqu&rsquo;\u00e0 18 personnes) : 2 600 AED par bateau<\/p>\n<h5>Visites d&rsquo;Abu Dhabi<\/h5>\n<p><strong><br \/>\n  <em>75 minutes Visite de l&rsquo;\u00eele de Yas<br \/>\n<\/em><br \/>\n<\/strong>Affr\u00e8tement priv\u00e9 (jusqu&rsquo;\u00e0 11 personnes) : 1995 AED par bateau<\/p>\n<p><strong><br \/>\n  <em>60 minutes de visite de la Corniche<br \/>\n<\/em><br \/>\n<\/strong><em>Affr\u00e8tement priv\u00e9 (jusqu&rsquo;\u00e0 11 personnes) : 1 945 AED par bateau<\/em><\/p>\n<p><strong><br \/>\n  <em>Excursion de 60 minutes sur l&rsquo;\u00eele de Maya<br \/>\n<\/em><br \/>\n<\/strong><em>Affr\u00e8tement priv\u00e9 (jusqu&rsquo;\u00e0 11 personnes) : 1 945 AED par bateau<\/em><\/p>\n","protected":false},"excerpt":{"rendered":"<p>Les bateaux jaunes sont la premi\u00e8re exp\u00e9rience touristique prim\u00e9e du Moyen-Orient. Nous sommes fiers de proposer des visites guid\u00e9es s\u00fbres et coh\u00e9rentes autour des merveilles d&rsquo;Abu Dhabi et de Duba\u00ef. Vous naviguerez dans le confort et la s\u00e9curit\u00e9 d&rsquo;un bateau pneumatique rigide et admirerez les paysages incroyables que les \u00c9mirats arabes unis ont \u00e0 offrir. &hellip; <a href=\"https:\/\/theyellowboats.com\/fr\/corporate\/\" class=\"more-link\">Continue reading<span class=\"screen-reader-text\"> \u00ab\u00a0Entreprise\u00a0\u00bb<\/span><\/a><\/p>\n","protected":false},"author":1,"featured_media":0,"parent":0,"menu_order":0,"comment_status":"closed","ping_status":"closed","template":"template-pages\/template-corporate.php","meta":{"footnotes":""},"class_list":["post-2520","page","type-page","status-publish","hentry"],"acf":[],"_links":{"self":[{"href":"https:\/\/theyellowboats.com\/fr\/wp-json\/wp\/v2\/pages\/2520","targetHints":{"allow":["GET"]}}],"collection":[{"href":"https:\/\/theyellowboats.com\/fr\/wp-json\/wp\/v2\/pages"}],"about":[{"href":"https:\/\/theyellowboats.com\/fr\/wp-json\/wp\/v2\/types\/page"}],"author":[{"embeddable":true,"href":"https:\/\/theyellowboats.com\/fr\/wp-json\/wp\/v2\/users\/1"}],"replies":[{"embeddable":true,"href":"https:\/\/theyellowboats.com\/fr\/wp-json\/wp\/v2\/comments?post=2520"}],"version-history":[{"count":1,"href":"https:\/\/theyellowboats.com\/fr\/wp-json\/wp\/v2\/pages\/2520\/revisions"}],"predecessor-version":[{"id":2528,"href":"https:\/\/theyellowboats.com\/fr\/wp-json\/wp\/v2\/pages\/2520\/revisions\/2528"}],"wp:attachment":[{"href":"https:\/\/theyellowboats.com\/fr\/wp-json\/wp\/v2\/media?parent=2520"}],"curies":[{"name":"wp","href":"https:\/\/api.w.org\/{rel}","templated":true}]}}