{"id":2525,"date":"2023-05-07T16:57:34","date_gmt":"2023-05-07T16:57:34","guid":{"rendered":"https:\/\/theuaeyellowboats.aligneddev.com.au\/inscription-au-bulletin-dinformation\/"},"modified":"2023-09-25T02:21:22","modified_gmt":"2023-09-25T02:21:22","slug":"newsletter-signup","status":"publish","type":"page","link":"https:\/\/theyellowboats.com\/fr\/newsletter-signup\/","title":{"rendered":"Inscription au bulletin d&rsquo;information"},"content":{"rendered":"<p>Fra\u00eechement d\u00e9barqu\u00e9e, elle arrive dans votre bo\u00eete de r\u00e9ception &#8211; notre lettre d&rsquo;information contient toutes les derni\u00e8res nouvelles de TYB et des offres exclusives, \u00e0 ne pas manquer !<\/p>\n<p>Inscrivez-vous d\u00e8s aujourd&rsquo;hui \u00e0 notre newsletter en remplissant le formulaire ci-dessous, et nous vous enverrons un code promo exclusif pour obtenir 25 % de r\u00e9duction sur la visite de votre choix !<\/p>\n","protected":false},"excerpt":{"rendered":"<p>Fra\u00eechement d\u00e9barqu\u00e9e, elle arrive dans votre bo\u00eete de r\u00e9ception &#8211; notre lettre d&rsquo;information contient toutes les derni\u00e8res nouvelles de TYB et des offres exclusives, \u00e0 ne pas manquer ! Inscrivez-vous d\u00e8s aujourd&rsquo;hui \u00e0 notre newsletter en remplissant le formulaire ci-dessous, et nous vous enverrons un code promo exclusif pour obtenir 25 % de r\u00e9duction sur &hellip; <a href=\"https:\/\/theyellowboats.com\/fr\/newsletter-signup\/\" class=\"more-link\">Continue reading<span class=\"screen-reader-text\"> \u00ab\u00a0Inscription au bulletin d&rsquo;information\u00a0\u00bb<\/span><\/a><\/p>\n","protected":false},"author":1,"featured_media":0,"parent":0,"menu_order":0,"comment_status":"closed","ping_status":"closed","template":"template-pages\/template-newsletter.php","meta":{"footnotes":""},"class_list":["post-2525","page","type-page","status-publish","hentry"],"acf":[],"_links":{"self":[{"href":"https:\/\/theyellowboats.com\/fr\/wp-json\/wp\/v2\/pages\/2525","targetHints":{"allow":["GET"]}}],"collection":[{"href":"https:\/\/theyellowboats.com\/fr\/wp-json\/wp\/v2\/pages"}],"about":[{"href":"https:\/\/theyellowboats.com\/fr\/wp-json\/wp\/v2\/types\/page"}],"author":[{"embeddable":true,"href":"https:\/\/theyellowboats.com\/fr\/wp-json\/wp\/v2\/users\/1"}],"replies":[{"embeddable":true,"href":"https:\/\/theyellowboats.com\/fr\/wp-json\/wp\/v2\/comments?post=2525"}],"version-history":[{"count":1,"href":"https:\/\/theyellowboats.com\/fr\/wp-json\/wp\/v2\/pages\/2525\/revisions"}],"predecessor-version":[{"id":2556,"href":"https:\/\/theyellowboats.com\/fr\/wp-json\/wp\/v2\/pages\/2525\/revisions\/2556"}],"wp:attachment":[{"href":"https:\/\/theyellowboats.com\/fr\/wp-json\/wp\/v2\/media?parent=2525"}],"curies":[{"name":"wp","href":"https:\/\/api.w.org\/{rel}","templated":true}]}}