{"id":2543,"date":"2023-05-07T16:56:44","date_gmt":"2023-05-07T16:56:44","guid":{"rendered":"https:\/\/theuaeyellowboats.aligneddev.com.au\/merci\/"},"modified":"2023-09-25T02:21:13","modified_gmt":"2023-09-25T02:21:13","slug":"thank-you","status":"publish","type":"page","link":"https:\/\/theyellowboats.com\/fr\/thank-you\/","title":{"rendered":"Merci."},"content":{"rendered":"<h3>Merci de nous avoir contact\u00e9s, nous vous r\u00e9pondrons dans les plus brefs d\u00e9lais.<\/h3>\n","protected":false},"excerpt":{"rendered":"<p>Merci de nous avoir contact\u00e9s, nous vous r\u00e9pondrons dans les plus brefs d\u00e9lais.<\/p>\n","protected":false},"author":1,"featured_media":0,"parent":0,"menu_order":0,"comment_status":"closed","ping_status":"closed","template":"","meta":{"footnotes":""},"class_list":["post-2543","page","type-page","status-publish","hentry"],"acf":[],"_links":{"self":[{"href":"https:\/\/theyellowboats.com\/fr\/wp-json\/wp\/v2\/pages\/2543","targetHints":{"allow":["GET"]}}],"collection":[{"href":"https:\/\/theyellowboats.com\/fr\/wp-json\/wp\/v2\/pages"}],"about":[{"href":"https:\/\/theyellowboats.com\/fr\/wp-json\/wp\/v2\/types\/page"}],"author":[{"embeddable":true,"href":"https:\/\/theyellowboats.com\/fr\/wp-json\/wp\/v2\/users\/1"}],"replies":[{"embeddable":true,"href":"https:\/\/theyellowboats.com\/fr\/wp-json\/wp\/v2\/comments?post=2543"}],"version-history":[{"count":1,"href":"https:\/\/theyellowboats.com\/fr\/wp-json\/wp\/v2\/pages\/2543\/revisions"}],"predecessor-version":[{"id":2548,"href":"https:\/\/theyellowboats.com\/fr\/wp-json\/wp\/v2\/pages\/2543\/revisions\/2548"}],"wp:attachment":[{"href":"https:\/\/theyellowboats.com\/fr\/wp-json\/wp\/v2\/media?parent=2543"}],"curies":[{"name":"wp","href":"https:\/\/api.w.org\/{rel}","templated":true}]}}